{"id":106,"date":"2020-08-06T23:04:54","date_gmt":"2020-08-06T23:04:54","guid":{"rendered":"http:\/\/cecile-kohler.ch\/?page_id=106"},"modified":"2024-08-18T21:29:16","modified_gmt":"2024-08-18T21:29:16","slug":"standpunkte","status":"publish","type":"page","link":"https:\/\/cecile-kohler.ch\/index.php\/standpunkte\/","title":{"rendered":"Standpunkte"},"content":{"rendered":"\n<p>In der Mitte des Kantons lebe ich. F\u00fcr die ausgewogene Mitte mit innovativen und nachhaltigen L\u00f6sungen sowie clevere Investitionen setze ich mich ein. F\u00fcr die Chancengerechtigkeit in jedem Alter, f\u00fcr die Vereinbarkeit von Familie und Beruf und entsprechenden familienerg\u00e4nzenden Angeboten, f\u00fcr einen attraktiven Bezirk Lenzburg und Kanton Aargau mit Berufs- und Mittelschulen sowie nachhaltige Verkehrsfl\u00fcsse.<\/p>\n\n\n\n<p>Gerne m\u00f6chte ich meine angefangenen Arbeiten im Grossen Rat zu Ende bringen &#8211; insbesondere m\u00f6chte ich f\u00fcr die echte Chancengerechtigkeit der Kinder und Jugendlichen in unserem Kanton die ambulante Kinder- und Jugendhilfe im Kanton Aargau gesetzlich verankern.<\/p>\n\n\n\n<figure class=\"wp-block-image size-large\"><img loading=\"lazy\" decoding=\"async\" width=\"724\" height=\"1024\" src=\"https:\/\/cecile-kohler.ch\/wp-content\/uploads\/2024\/08\/45-B1-Lenzburg-Kohler-1-724x1024.jpg\" alt=\"\" class=\"wp-image-263\" srcset=\"https:\/\/cecile-kohler.ch\/wp-content\/uploads\/2024\/08\/45-B1-Lenzburg-Kohler-1-724x1024.jpg 724w, https:\/\/cecile-kohler.ch\/wp-content\/uploads\/2024\/08\/45-B1-Lenzburg-Kohler-1-212x300.jpg 212w, https:\/\/cecile-kohler.ch\/wp-content\/uploads\/2024\/08\/45-B1-Lenzburg-Kohler-1-768x1086.jpg 768w, https:\/\/cecile-kohler.ch\/wp-content\/uploads\/2024\/08\/45-B1-Lenzburg-Kohler-1-1086x1536.jpg 1086w, https:\/\/cecile-kohler.ch\/wp-content\/uploads\/2024\/08\/45-B1-Lenzburg-Kohler-1-1448x2048.jpg 1448w, https:\/\/cecile-kohler.ch\/wp-content\/uploads\/2024\/08\/45-B1-Lenzburg-Kohler-1-scaled.jpg 1810w\" sizes=\"(max-width: 724px) 100vw, 724px\" \/><\/figure>\n","protected":false},"excerpt":{"rendered":"<p>In der Mitte des Kantons lebe ich. F\u00fcr die ausgewogene Mitte mit innovativen und nachhaltigen L\u00f6sungen sowie clevere Investitionen setze ich mich ein. F\u00fcr die Chancengerechtigkeit in jedem Alter, f\u00fcr die Vereinbarkeit von Familie und Beruf und entsprechenden familienerg\u00e4nzenden Angeboten, f\u00fcr einen attraktiven Bezirk Lenzburg und Kanton Aargau mit Berufs- und Mittelschulen sowie nachhaltige Verkehrsfl\u00fcsse. &hellip; <\/p>\n<p class=\"link-more\"><a href=\"https:\/\/cecile-kohler.ch\/index.php\/standpunkte\/\" class=\"more-link\"><span class=\"screen-reader-text\">\u201eStandpunkte\u201c<\/span> weiterlesen<\/a><\/p>\n","protected":false},"author":1,"featured_media":0,"parent":0,"menu_order":0,"comment_status":"closed","ping_status":"closed","template":"","meta":{"footnotes":""},"class_list":["post-106","page","type-page","status-publish","hentry"],"_links":{"self":[{"href":"https:\/\/cecile-kohler.ch\/index.php\/wp-json\/wp\/v2\/pages\/106"}],"collection":[{"href":"https:\/\/cecile-kohler.ch\/index.php\/wp-json\/wp\/v2\/pages"}],"about":[{"href":"https:\/\/cecile-kohler.ch\/index.php\/wp-json\/wp\/v2\/types\/page"}],"author":[{"embeddable":true,"href":"https:\/\/cecile-kohler.ch\/index.php\/wp-json\/wp\/v2\/users\/1"}],"replies":[{"embeddable":true,"href":"https:\/\/cecile-kohler.ch\/index.php\/wp-json\/wp\/v2\/comments?post=106"}],"version-history":[{"count":4,"href":"https:\/\/cecile-kohler.ch\/index.php\/wp-json\/wp\/v2\/pages\/106\/revisions"}],"predecessor-version":[{"id":265,"href":"https:\/\/cecile-kohler.ch\/index.php\/wp-json\/wp\/v2\/pages\/106\/revisions\/265"}],"wp:attachment":[{"href":"https:\/\/cecile-kohler.ch\/index.php\/wp-json\/wp\/v2\/media?parent=106"}],"curies":[{"name":"wp","href":"https:\/\/api.w.org\/{rel}","templated":true}]}}