{"id":118,"date":"2020-08-06T23:11:49","date_gmt":"2020-08-06T23:11:49","guid":{"rendered":"http:\/\/cecile-kohler.ch\/?page_id=118"},"modified":"2024-08-18T21:53:59","modified_gmt":"2024-08-18T21:53:59","slug":"vorstoesse","status":"publish","type":"page","link":"https:\/\/cecile-kohler.ch\/index.php\/vorstoesse\/","title":{"rendered":"Vorst\u00f6sse"},"content":{"rendered":"\n<p>Als Grossr\u00e4tin habe ich mich schwerpunktm\u00e4ssig mit familien- und regionalpolitischen Themen befasst und entsprechende Vorst\u00f6sse unterst\u00fctzt.&nbsp;<a href=\"https:\/\/www.ag.ch\/grossrat\/grweb\/de\/196\/Gesch%C3%A4fte?FrmEntity=grweb.modules.akt.GrProz&amp;FrmRequest=Search&amp;FrmProperty=a6bdfc898639d1511a8fadb6a1d17f57\">Hier<\/a>&nbsp;finden Sie die Dokumente.<\/p>\n\n\n\n<p>Insbesondere die Motion betreffend Schaffung der gesetzlichen Grundlage f\u00fcr die ambulante Kinder- und Jugendhilfe, welche als Postulat \u00fcberwiesen wurde, ist ein grosser Meilenstein. Die Arbeiten zum Gesetzesentwurf sind im Gange. Mehr Infos finden Sie\u00a0<a href=\"https:\/\/www.ag.ch\/de\/verwaltung\/bks\/ueber-uns\/dossiers-projekte\/klaerung-rechtsgrundlage-kinder-und-jugendhilfe\">hier<\/a>.<\/p>\n\n\n\n<p><\/p>\n","protected":false},"excerpt":{"rendered":"<p>Als Grossr\u00e4tin habe ich mich schwerpunktm\u00e4ssig mit familien- und regionalpolitischen Themen befasst und entsprechende Vorst\u00f6sse unterst\u00fctzt.&nbsp;Hier&nbsp;finden Sie die Dokumente. Insbesondere die Motion betreffend Schaffung der gesetzlichen Grundlage f\u00fcr die ambulante Kinder- und Jugendhilfe, welche als Postulat \u00fcberwiesen wurde, ist ein grosser Meilenstein. Die Arbeiten zum Gesetzesentwurf sind im Gange. Mehr Infos finden Sie\u00a0hier.<\/p>\n","protected":false},"author":1,"featured_media":0,"parent":0,"menu_order":0,"comment_status":"closed","ping_status":"closed","template":"","meta":{"footnotes":""},"class_list":["post-118","page","type-page","status-publish","hentry"],"_links":{"self":[{"href":"https:\/\/cecile-kohler.ch\/index.php\/wp-json\/wp\/v2\/pages\/118"}],"collection":[{"href":"https:\/\/cecile-kohler.ch\/index.php\/wp-json\/wp\/v2\/pages"}],"about":[{"href":"https:\/\/cecile-kohler.ch\/index.php\/wp-json\/wp\/v2\/types\/page"}],"author":[{"embeddable":true,"href":"https:\/\/cecile-kohler.ch\/index.php\/wp-json\/wp\/v2\/users\/1"}],"replies":[{"embeddable":true,"href":"https:\/\/cecile-kohler.ch\/index.php\/wp-json\/wp\/v2\/comments?post=118"}],"version-history":[{"count":5,"href":"https:\/\/cecile-kohler.ch\/index.php\/wp-json\/wp\/v2\/pages\/118\/revisions"}],"predecessor-version":[{"id":269,"href":"https:\/\/cecile-kohler.ch\/index.php\/wp-json\/wp\/v2\/pages\/118\/revisions\/269"}],"wp:attachment":[{"href":"https:\/\/cecile-kohler.ch\/index.php\/wp-json\/wp\/v2\/media?parent=118"}],"curies":[{"name":"wp","href":"https:\/\/api.w.org\/{rel}","templated":true}]}}